{"id":705,"date":"2021-10-07T07:32:08","date_gmt":"2021-10-07T07:32:08","guid":{"rendered":"https:\/\/monsterentertainment.staging-05.sq1.io\/?post_type=product&#038;p=705"},"modified":"2024-02-29T12:10:08","modified_gmt":"2024-02-29T12:10:08","slug":"the-gloaming","status":"publish","type":"product","link":"https:\/\/www.monsterentertainment.tv\/?product=the-gloaming","title":{"rendered":"The Gloaming: Moment to Moment"},"content":{"rendered":"","protected":false},"excerpt":{"rendered":"[su_label type=\"black\"]1\u00d752\u2032[\/su_label]\n<p>&nbsp;<\/p>\n<p>\u2018Moment to Moment\u2019, is a documentary film about the Gloaming. Audiences love them, critics heap praise upon them, and peter Gabriel describes them as having created a new genre; they are a group of five outstanding musicians collectively known as the Gloaming. For martin Hayes, Iarla \u00d3 Lion\u00e1ird, Caoimh\u00edn \u00d3 Raghallaigh, Dennis Cahill and Thomas Bartlett, the interpretation and performance of Irish traditional music is at the heart of their creative expression as musicians. martin, Caoimh\u00edn and Dennis have been recognised for balancing traditional rigour with an energy that seems entirely new. Thomas has been identified with the\u00a0independent rock scene for his work with artists as diverse as the National, Glen Hansard, and Antony and the Johnsons. Iarla has made many ground breaking recordings with the Afro Celt Sound System, his distinctive voice venturing far beyond the boundaries of any one genre. The film depicts the Gloaming working together in Grouse Lodge studios in County Westmeath, Ireland. Later in the year, they were filmed in concert at the Triskel in Cork. The film reveals the profound connection between them as players and as players with their audience.<\/p>\n[su_vimeo url=\"https:\/\/vimeo.com\/manage\/videos\/917877952\" width=\"400\" height=\"200\"]\n","protected":false},"featured_media":707,"template":"","meta":[],"product_brand":[],"product_cat":[31],"product_tag":[],"class_list":{"0":"post-705","1":"product","2":"type-product","3":"status-publish","4":"has-post-thumbnail","6":"product_cat-documentaries","8":"first","9":"instock","10":"shipping-taxable","11":"product-type-simple"},"_links":{"self":[{"href":"https:\/\/www.monsterentertainment.tv\/index.php?rest_route=\/wp\/v2\/product\/705","targetHints":{"allow":["GET"]}}],"collection":[{"href":"https:\/\/www.monsterentertainment.tv\/index.php?rest_route=\/wp\/v2\/product"}],"about":[{"href":"https:\/\/www.monsterentertainment.tv\/index.php?rest_route=\/wp\/v2\/types\/product"}],"wp:featuredmedia":[{"embeddable":true,"href":"https:\/\/www.monsterentertainment.tv\/index.php?rest_route=\/wp\/v2\/media\/707"}],"wp:attachment":[{"href":"https:\/\/www.monsterentertainment.tv\/index.php?rest_route=%2Fwp%2Fv2%2Fmedia&parent=705"}],"wp:term":[{"taxonomy":"product_brand","embeddable":true,"href":"https:\/\/www.monsterentertainment.tv\/index.php?rest_route=%2Fwp%2Fv2%2Fproduct_brand&post=705"},{"taxonomy":"product_cat","embeddable":true,"href":"https:\/\/www.monsterentertainment.tv\/index.php?rest_route=%2Fwp%2Fv2%2Fproduct_cat&post=705"},{"taxonomy":"product_tag","embeddable":true,"href":"https:\/\/www.monsterentertainment.tv\/index.php?rest_route=%2Fwp%2Fv2%2Fproduct_tag&post=705"}],"curies":[{"name":"wp","href":"https:\/\/api.w.org\/{rel}","templated":true}]}}